{"id":3343,"date":"2019-12-16T15:54:18","date_gmt":"2019-12-16T14:54:18","guid":{"rendered":"https:\/\/trouville.schutzz.one\/?page_id=3343"},"modified":"2019-12-16T15:58:31","modified_gmt":"2019-12-16T14:58:31","slug":"impressum","status":"publish","type":"page","link":"https:\/\/trouville.schutzz.one\/de\/impressum\/","title":{"rendered":"Impressum"},"content":{"rendered":"\t\t<div data-elementor-type=\"wp-page\" data-elementor-id=\"3343\" class=\"elementor elementor-3343 elementor-3336\" data-elementor-post-type=\"page\">\n\t\t\t\t\t\t<section class=\"elementor-section elementor-top-section elementor-element elementor-element-94a0ff1 elementor-section-boxed elementor-section-height-default elementor-section-height-default\" data-id=\"94a0ff1\" data-element_type=\"section\">\n\t\t\t\t\t\t<div class=\"elementor-container elementor-column-gap-default\">\n\t\t\t\t\t<div class=\"elementor-column elementor-col-100 elementor-top-column elementor-element elementor-element-820f435\" data-id=\"820f435\" data-element_type=\"column\">\n\t\t\t<div class=\"elementor-widget-wrap elementor-element-populated\">\n\t\t\t\t\t\t<div class=\"elementor-element elementor-element-8510a37 elementor-widget elementor-widget-text-editor\" data-id=\"8510a37\" data-element_type=\"widget\" data-widget_type=\"text-editor.default\">\n\t\t\t\t<div class=\"elementor-widget-container\">\n\t\t\t\t\t\t\t<pre class=\"moz-quote-pre\">SAS TOWNHOUSE TROUVILLE - Appart\u2019Hotel &amp; Studios\n6, Rue du Chancelier \n14360 Trouville-sur-Mer\nNormandie - France\n\n\nPresident: Carlo A. Castro \nTelephone +33 6 38 21 51 22\n<a class=\"moz-txt-link-abbreviated\" href=\"mailto:booking@townhousetrouville.fr\">booking@townhousetrouville.fr<\/a>\n\nSIRET 87752319100014\nRCS Lisieux\n\nTVA FR61877523191<\/pre>\t\t\t\t\t\t<\/div>\n\t\t\t\t<\/div>\n\t\t\t\t\t<\/div>\n\t\t<\/div>\n\t\t\t\t\t<\/div>\n\t\t<\/section>\n\t\t\t\t<\/div>\n\t\t","protected":false},"excerpt":{"rendered":"<p>SAS TOWNHOUSE TROUVILLE &#8211; Appart\u2019Hotel &amp; Studios 6, Rue du Chancelier 14360 Trouville-sur-Mer Normandie &#8211; France President: Carlo A. Castro Telephone +33 6 38 21 51 22 booking@townhousetrouville.fr SIRET 87752319100014 RCS Lisieux TVA FR61877523191<\/p>\n","protected":false},"author":1,"featured_media":0,"parent":0,"menu_order":0,"comment_status":"closed","ping_status":"closed","template":"","meta":{"footnotes":""},"class_list":["post-3343","page","type-page","status-publish"],"yoast_head":"<!-- This site is optimized with the Yoast SEO plugin v27.3 - https:\/\/yoast.com\/product\/yoast-seo-wordpress\/ -->\n<title>Impressum - Townhouse Trouville - Aparthotel<\/title>\n<meta name=\"description\" content=\"holiday home, Ferienwohnung, vakantiehuis, studio de vacances, holiday studio, FeWo, appartement, appartement de vacances, holiday apartment, Ferienapartment, Holiday Apartment, Normandie, Normandy, Normandi\u00eb, cote fleurie, Mont Saint Michel, Honfleur, Deauville, Trouville, Trouville sur mer, Bajeux, Carbourg, Caen, Vacances, Holidays, Ferien, vakantie, f\u00e9ri\u00e9, bank holidays, Urlaub, herstel, Cong\u00e9, relaxing, Erholung, feestdagen, relax\u00e9, recharging, Feiertag, ontspannend, recharg\u00e9, quite, Ruhe, opladen, tranquilit\u00e9, mindfulness, mindfull, heel, reposer, resting, mindfulness, vacances en famille, family holidays, Familienurlaub, resting, vacances avec chien, holidays with dog, Urlaub mit Hund, vakantie met het gezin, vacances \u00e0 la mer, vacations at the beach, Urlaub am Meer, vakantie met hond, plages, beach, Strand, strand, plage\u00a0de\u00a0sable, sandbeach, Sandstrand, zandstrand, mer, Sea, Meer, Zee, Camembert, Calvados, Cidre, Appart\u2019hotels, appart hotel, r\u00e9servez en ligne, sans frais, courts ou longs s\u00e9jours\" \/>\n<meta name=\"robots\" content=\"index, follow, max-snippet:-1, max-image-preview:large, max-video-preview:-1\" \/>\n<link rel=\"canonical\" href=\"https:\/\/trouville.schutzz.one\/de\/impressum\/\" \/>\n<meta property=\"og:locale\" content=\"de_DE\" \/>\n<meta property=\"og:type\" content=\"article\" \/>\n<meta property=\"og:title\" content=\"Impressum - Townhouse Trouville - Aparthotel\" \/>\n<meta property=\"og:description\" content=\"holiday home, Ferienwohnung, vakantiehuis, studio de vacances, holiday studio, FeWo, appartement, appartement de vacances, holiday apartment, Ferienapartment, Holiday Apartment, Normandie, Normandy, Normandi\u00eb, cote fleurie, Mont Saint Michel, Honfleur, Deauville, Trouville, Trouville sur mer, Bajeux, Carbourg, Caen, Vacances, Holidays, Ferien, vakantie, f\u00e9ri\u00e9, bank holidays, Urlaub, herstel, Cong\u00e9, relaxing, Erholung, feestdagen, relax\u00e9, recharging, Feiertag, ontspannend, recharg\u00e9, quite, Ruhe, opladen, tranquilit\u00e9, mindfulness, mindfull, heel, reposer, resting, mindfulness, vacances en famille, family holidays, Familienurlaub, resting, vacances avec chien, holidays with dog, Urlaub mit Hund, vakantie met het gezin, vacances \u00e0 la mer, vacations at the beach, Urlaub am Meer, vakantie met hond, plages, beach, Strand, strand, plage\u00a0de\u00a0sable, sandbeach, Sandstrand, zandstrand, mer, Sea, Meer, Zee, Camembert, Calvados, Cidre, Appart\u2019hotels, appart hotel, r\u00e9servez en ligne, sans frais, courts ou longs s\u00e9jours\" \/>\n<meta property=\"og:url\" content=\"https:\/\/trouville.schutzz.one\/de\/impressum\/\" \/>\n<meta property=\"og:site_name\" content=\"Townhouse Trouville - Aparthotel\" \/>\n<meta property=\"article:publisher\" content=\"https:\/\/www.facebook.com\/Townhouse-Trouville-1024855574386770\/\" \/>\n<meta property=\"article:modified_time\" content=\"2019-12-16T14:58:31+00:00\" \/>\n<meta name=\"twitter:card\" content=\"summary_large_image\" \/>\n<script type=\"application\/ld+json\" class=\"yoast-schema-graph\">{\"@context\":\"https:\\\/\\\/schema.org\",\"@graph\":[{\"@type\":\"WebPage\",\"@id\":\"https:\\\/\\\/trouville.schutzz.one\\\/de\\\/impressum\\\/\",\"url\":\"https:\\\/\\\/trouville.schutzz.one\\\/de\\\/impressum\\\/\",\"name\":\"Impressum - Townhouse Trouville - Aparthotel\",\"isPartOf\":{\"@id\":\"https:\\\/\\\/trouville.schutzz.one\\\/#website\"},\"datePublished\":\"2019-12-16T14:54:18+00:00\",\"dateModified\":\"2019-12-16T14:58:31+00:00\",\"description\":\"holiday home, Ferienwohnung, vakantiehuis, studio de vacances, holiday studio, FeWo, appartement, appartement de vacances, holiday apartment, Ferienapartment, Holiday Apartment, Normandie, Normandy, Normandi\u00eb, cote fleurie, Mont Saint Michel, Honfleur, Deauville, Trouville, Trouville sur mer, Bajeux, Carbourg, Caen, Vacances, Holidays, Ferien, vakantie, f\u00e9ri\u00e9, bank holidays, Urlaub, herstel, Cong\u00e9, relaxing, Erholung, feestdagen, relax\u00e9, recharging, Feiertag, ontspannend, recharg\u00e9, quite, Ruhe, opladen, tranquilit\u00e9, mindfulness, mindfull, heel, reposer, resting, mindfulness, vacances en famille, family holidays, Familienurlaub, resting, vacances avec chien, holidays with dog, Urlaub mit Hund, vakantie met het gezin, vacances \u00e0 la mer, vacations at the beach, Urlaub am Meer, vakantie met hond, plages, beach, Strand, strand, plage\u00a0de\u00a0sable, sandbeach, Sandstrand, zandstrand, mer, Sea, Meer, Zee, Camembert, Calvados, Cidre, Appart\u2019hotels, appart hotel, r\u00e9servez en ligne, sans frais, courts ou longs s\u00e9jours\",\"breadcrumb\":{\"@id\":\"https:\\\/\\\/trouville.schutzz.one\\\/de\\\/impressum\\\/#breadcrumb\"},\"inLanguage\":\"de\",\"potentialAction\":[{\"@type\":\"ReadAction\",\"target\":[\"https:\\\/\\\/trouville.schutzz.one\\\/de\\\/impressum\\\/\"]}]},{\"@type\":\"BreadcrumbList\",\"@id\":\"https:\\\/\\\/trouville.schutzz.one\\\/de\\\/impressum\\\/#breadcrumb\",\"itemListElement\":[{\"@type\":\"ListItem\",\"position\":1,\"name\":\"Home\",\"item\":\"https:\\\/\\\/trouville.schutzz.one\\\/de\\\/\"},{\"@type\":\"ListItem\",\"position\":2,\"name\":\"Impressum\"}]},{\"@type\":\"WebSite\",\"@id\":\"https:\\\/\\\/trouville.schutzz.one\\\/#website\",\"url\":\"https:\\\/\\\/trouville.schutzz.one\\\/\",\"name\":\"Townhouse Trouville - Aparthotel\",\"description\":\"Trouville sur mer\",\"publisher\":{\"@id\":\"https:\\\/\\\/trouville.schutzz.one\\\/#organization\"},\"potentialAction\":[{\"@type\":\"SearchAction\",\"target\":{\"@type\":\"EntryPoint\",\"urlTemplate\":\"https:\\\/\\\/trouville.schutzz.one\\\/?s={search_term_string}\"},\"query-input\":{\"@type\":\"PropertyValueSpecification\",\"valueRequired\":true,\"valueName\":\"search_term_string\"}}],\"inLanguage\":\"de\"},{\"@type\":\"Organization\",\"@id\":\"https:\\\/\\\/trouville.schutzz.one\\\/#organization\",\"name\":\"Townhouse Trouville\",\"url\":\"https:\\\/\\\/trouville.schutzz.one\\\/\",\"logo\":{\"@type\":\"ImageObject\",\"inLanguage\":\"de\",\"@id\":\"https:\\\/\\\/trouville.schutzz.one\\\/#\\\/schema\\\/logo\\\/image\\\/\",\"url\":\"https:\\\/\\\/townhousetrouville.fr\\\/wp-content\\\/uploads\\\/2019\\\/08\\\/2019_08_pic_townhouse_logo_o_claim.png\",\"contentUrl\":\"https:\\\/\\\/townhousetrouville.fr\\\/wp-content\\\/uploads\\\/2019\\\/08\\\/2019_08_pic_townhouse_logo_o_claim.png\",\"width\":300,\"height\":139,\"caption\":\"Townhouse Trouville\"},\"image\":{\"@id\":\"https:\\\/\\\/trouville.schutzz.one\\\/#\\\/schema\\\/logo\\\/image\\\/\"},\"sameAs\":[\"https:\\\/\\\/www.facebook.com\\\/Townhouse-Trouville-1024855574386770\\\/\",\"https:\\\/\\\/www.instagram.com\\\/townhousetrouville\\\/\",\"https:\\\/\\\/www.youtube.com\\\/channel\\\/UCXRI1rQLImXLC-OpwXKXMfQ\"]}]}<\/script>\n<!-- \/ Yoast SEO plugin. -->","yoast_head_json":{"title":"Impressum - Townhouse Trouville - Aparthotel","description":"holiday home, Ferienwohnung, vakantiehuis, studio de vacances, holiday studio, FeWo, appartement, appartement de vacances, holiday apartment, Ferienapartment, Holiday Apartment, Normandie, Normandy, Normandi\u00eb, cote fleurie, Mont Saint Michel, Honfleur, Deauville, Trouville, Trouville sur mer, Bajeux, Carbourg, Caen, Vacances, Holidays, Ferien, vakantie, f\u00e9ri\u00e9, bank holidays, Urlaub, herstel, Cong\u00e9, relaxing, Erholung, feestdagen, relax\u00e9, recharging, Feiertag, ontspannend, recharg\u00e9, quite, Ruhe, opladen, tranquilit\u00e9, mindfulness, mindfull, heel, reposer, resting, mindfulness, vacances en famille, family holidays, Familienurlaub, resting, vacances avec chien, holidays with dog, Urlaub mit Hund, vakantie met het gezin, vacances \u00e0 la mer, vacations at the beach, Urlaub am Meer, vakantie met hond, plages, beach, Strand, strand, plage\u00a0de\u00a0sable, sandbeach, Sandstrand, zandstrand, mer, Sea, Meer, Zee, Camembert, Calvados, Cidre, Appart\u2019hotels, appart hotel, r\u00e9servez en ligne, sans frais, courts ou longs s\u00e9jours","robots":{"index":"index","follow":"follow","max-snippet":"max-snippet:-1","max-image-preview":"max-image-preview:large","max-video-preview":"max-video-preview:-1"},"canonical":"https:\/\/trouville.schutzz.one\/de\/impressum\/","og_locale":"de_DE","og_type":"article","og_title":"Impressum - Townhouse Trouville - Aparthotel","og_description":"holiday home, Ferienwohnung, vakantiehuis, studio de vacances, holiday studio, FeWo, appartement, appartement de vacances, holiday apartment, Ferienapartment, Holiday Apartment, Normandie, Normandy, Normandi\u00eb, cote fleurie, Mont Saint Michel, Honfleur, Deauville, Trouville, Trouville sur mer, Bajeux, Carbourg, Caen, Vacances, Holidays, Ferien, vakantie, f\u00e9ri\u00e9, bank holidays, Urlaub, herstel, Cong\u00e9, relaxing, Erholung, feestdagen, relax\u00e9, recharging, Feiertag, ontspannend, recharg\u00e9, quite, Ruhe, opladen, tranquilit\u00e9, mindfulness, mindfull, heel, reposer, resting, mindfulness, vacances en famille, family holidays, Familienurlaub, resting, vacances avec chien, holidays with dog, Urlaub mit Hund, vakantie met het gezin, vacances \u00e0 la mer, vacations at the beach, Urlaub am Meer, vakantie met hond, plages, beach, Strand, strand, plage\u00a0de\u00a0sable, sandbeach, Sandstrand, zandstrand, mer, Sea, Meer, Zee, Camembert, Calvados, Cidre, Appart\u2019hotels, appart hotel, r\u00e9servez en ligne, sans frais, courts ou longs s\u00e9jours","og_url":"https:\/\/trouville.schutzz.one\/de\/impressum\/","og_site_name":"Townhouse Trouville - Aparthotel","article_publisher":"https:\/\/www.facebook.com\/Townhouse-Trouville-1024855574386770\/","article_modified_time":"2019-12-16T14:58:31+00:00","twitter_card":"summary_large_image","schema":{"@context":"https:\/\/schema.org","@graph":[{"@type":"WebPage","@id":"https:\/\/trouville.schutzz.one\/de\/impressum\/","url":"https:\/\/trouville.schutzz.one\/de\/impressum\/","name":"Impressum - Townhouse Trouville - Aparthotel","isPartOf":{"@id":"https:\/\/trouville.schutzz.one\/#website"},"datePublished":"2019-12-16T14:54:18+00:00","dateModified":"2019-12-16T14:58:31+00:00","description":"holiday home, Ferienwohnung, vakantiehuis, studio de vacances, holiday studio, FeWo, appartement, appartement de vacances, holiday apartment, Ferienapartment, Holiday Apartment, Normandie, Normandy, Normandi\u00eb, cote fleurie, Mont Saint Michel, Honfleur, Deauville, Trouville, Trouville sur mer, Bajeux, Carbourg, Caen, Vacances, Holidays, Ferien, vakantie, f\u00e9ri\u00e9, bank holidays, Urlaub, herstel, Cong\u00e9, relaxing, Erholung, feestdagen, relax\u00e9, recharging, Feiertag, ontspannend, recharg\u00e9, quite, Ruhe, opladen, tranquilit\u00e9, mindfulness, mindfull, heel, reposer, resting, mindfulness, vacances en famille, family holidays, Familienurlaub, resting, vacances avec chien, holidays with dog, Urlaub mit Hund, vakantie met het gezin, vacances \u00e0 la mer, vacations at the beach, Urlaub am Meer, vakantie met hond, plages, beach, Strand, strand, plage\u00a0de\u00a0sable, sandbeach, Sandstrand, zandstrand, mer, Sea, Meer, Zee, Camembert, Calvados, Cidre, Appart\u2019hotels, appart hotel, r\u00e9servez en ligne, sans frais, courts ou longs s\u00e9jours","breadcrumb":{"@id":"https:\/\/trouville.schutzz.one\/de\/impressum\/#breadcrumb"},"inLanguage":"de","potentialAction":[{"@type":"ReadAction","target":["https:\/\/trouville.schutzz.one\/de\/impressum\/"]}]},{"@type":"BreadcrumbList","@id":"https:\/\/trouville.schutzz.one\/de\/impressum\/#breadcrumb","itemListElement":[{"@type":"ListItem","position":1,"name":"Home","item":"https:\/\/trouville.schutzz.one\/de\/"},{"@type":"ListItem","position":2,"name":"Impressum"}]},{"@type":"WebSite","@id":"https:\/\/trouville.schutzz.one\/#website","url":"https:\/\/trouville.schutzz.one\/","name":"Townhouse Trouville - Aparthotel","description":"Trouville sur mer","publisher":{"@id":"https:\/\/trouville.schutzz.one\/#organization"},"potentialAction":[{"@type":"SearchAction","target":{"@type":"EntryPoint","urlTemplate":"https:\/\/trouville.schutzz.one\/?s={search_term_string}"},"query-input":{"@type":"PropertyValueSpecification","valueRequired":true,"valueName":"search_term_string"}}],"inLanguage":"de"},{"@type":"Organization","@id":"https:\/\/trouville.schutzz.one\/#organization","name":"Townhouse Trouville","url":"https:\/\/trouville.schutzz.one\/","logo":{"@type":"ImageObject","inLanguage":"de","@id":"https:\/\/trouville.schutzz.one\/#\/schema\/logo\/image\/","url":"https:\/\/townhousetrouville.fr\/wp-content\/uploads\/2019\/08\/2019_08_pic_townhouse_logo_o_claim.png","contentUrl":"https:\/\/townhousetrouville.fr\/wp-content\/uploads\/2019\/08\/2019_08_pic_townhouse_logo_o_claim.png","width":300,"height":139,"caption":"Townhouse Trouville"},"image":{"@id":"https:\/\/trouville.schutzz.one\/#\/schema\/logo\/image\/"},"sameAs":["https:\/\/www.facebook.com\/Townhouse-Trouville-1024855574386770\/","https:\/\/www.instagram.com\/townhousetrouville\/","https:\/\/www.youtube.com\/channel\/UCXRI1rQLImXLC-OpwXKXMfQ"]}]}},"_links":{"self":[{"href":"https:\/\/trouville.schutzz.one\/de\/wp-json\/wp\/v2\/pages\/3343","targetHints":{"allow":["GET"]}}],"collection":[{"href":"https:\/\/trouville.schutzz.one\/de\/wp-json\/wp\/v2\/pages"}],"about":[{"href":"https:\/\/trouville.schutzz.one\/de\/wp-json\/wp\/v2\/types\/page"}],"author":[{"embeddable":true,"href":"https:\/\/trouville.schutzz.one\/de\/wp-json\/wp\/v2\/users\/1"}],"replies":[{"embeddable":true,"href":"https:\/\/trouville.schutzz.one\/de\/wp-json\/wp\/v2\/comments?post=3343"}],"version-history":[{"count":3,"href":"https:\/\/trouville.schutzz.one\/de\/wp-json\/wp\/v2\/pages\/3343\/revisions"}],"predecessor-version":[{"id":3352,"href":"https:\/\/trouville.schutzz.one\/de\/wp-json\/wp\/v2\/pages\/3343\/revisions\/3352"}],"wp:attachment":[{"href":"https:\/\/trouville.schutzz.one\/de\/wp-json\/wp\/v2\/media?parent=3343"}],"curies":[{"name":"wp","href":"https:\/\/api.w.org\/{rel}","templated":true}]}}